{"id":67,"date":"2018-11-03T13:14:19","date_gmt":"2018-11-03T13:14:19","guid":{"rendered":"http:\/\/new.vocationalqualification.net\/?page_id=67"},"modified":"2019-02-25T19:36:27","modified_gmt":"2019-02-25T19:36:27","slug":"vqts-ii-2007-09","status":"publish","type":"page","link":"https:\/\/vocationalqualification.net\/?page_id=67","title":{"rendered":"VQTS II (2007-09)"},"content":{"rendered":"<div id=\"pl-67\"  class=\"panel-layout\" ><div id=\"pg-67-0\"  class=\"panel-grid panel-has-style\" ><div class=\"siteorigin-panels-stretch panel-row-style panel-row-style-for-67-0\" id=\"services\" data-stretch-type=\"full\" ><div id=\"pgc-67-0-0\"  class=\"panel-grid-cell\" ><div id=\"panel-67-0-0-0\" class=\"so-panel widget widget_sow-headline panel-first-child\" data-index=\"0\" ><div\n\t\t\t\n\t\t\tclass=\"so-widget-sow-headline so-widget-sow-headline-default-d07e1e83720a-67\"\n\t\t\t\n\t\t><div class=\"sow-headline-container \">\n\t<h1 class='sow-headline'>VQTS II (2007-09)<\/h1>\t\t\t\t\t<div class=\"decoration\">\n\t\t\t\t\t\t<div class=\"decoration-inside\"><\/div>\n\t\t\t\t\t<\/div>\n\t\t\t\t\t<\/div>\n<\/div><\/div><div id=\"panel-67-0-0-1\" class=\"so-panel widget widget_sow-editor\" data-index=\"1\" ><div\n\t\t\t\n\t\t\tclass=\"so-widget-sow-editor so-widget-sow-editor-base\"\n\t\t\t\n\t\t>\n<div class=\"siteorigin-widget-tinymce textwidget\">\n\t<p>The \"Transfer of Innovation\u201d project VQTS II was based on the results of the Leonardo da Vinci project \"VQTS \u2013 Vocational Qualification Transfer System\u201d (see VQTS 2003-2006). The VQTS project had received the Helsinki Award 2006 and the Lifelong Learning Award 2007 in Gold for its contributions to the aims of the Copenhagen process. The main result of the VQTS project, the VQTS model, was used as the basis for \"Transfer of Innovation\u201d.<\/p>\n<p>In the VQTS II project, the VQTS model was transferred to another sector (Electronics\/ Electrical Engineering), to other countries and languages. The VQTS II project focused on transferring and further elaborating methods and procedures for the development of a competence matrix by using the ideas and principles described in the VQTS project.<\/p>\n<p>The VQTS model was also be to identify the overlapping areas of the competence profiles of vocational and educational training (VET) and higher education (HE) programmes. By using the VQTS model, the project sought to adjust and tune VET and practice-oriented HE programmes to make them more compatible with each other. Recommendations were developed on how to enhance permeability and progression between VET and practice-oriented HE.<\/p>\n<\/div>\n<\/div><\/div><div id=\"panel-67-0-0-2\" class=\"so-panel widget widget_sow-headline\" data-index=\"2\" ><div\n\t\t\t\n\t\t\tclass=\"so-widget-sow-headline so-widget-sow-headline-default-438ec6ae6aa8-67\"\n\t\t\t\n\t\t><div class=\"sow-headline-container \">\n\t<h2 class='sow-headline'>Publication<\/h2>\t\t\t\t\t<div class=\"decoration\">\n\t\t\t\t\t\t<div class=\"decoration-inside\"><\/div>\n\t\t\t\t\t<\/div>\n\t\t\t\t\t<\/div>\n<\/div><\/div><div id=\"panel-67-0-0-3\" class=\"so-panel widget widget_sow-editor\" data-index=\"3\" ><div\n\t\t\t\n\t\t\tclass=\"so-widget-sow-editor so-widget-sow-editor-base\"\n\t\t\t\n\t\t>\n<div class=\"siteorigin-widget-tinymce textwidget\">\n\t<p><em>Luomi-Messerer, Karin (2008, Ed.): Using the VQTS model for mobility and permeability -Results of the Lifelong Learning project VQTS II. 3s, Vienna.<\/em><\/p>\n<p>This publication is the final result of the Lifelong Learning project \u2018Vocational Qualification Transfer System II \u2013 VQTS II\u2019. It introduces the VQTS Model, informs about the development of a Competence Matrix and of of Competence Profiles and describes how the VQTS model can be used for supporting transnational mobility and for enhancing permeability between VET and HE.<\/p>\n<p><a href=\"http:\/\/vocationalqualification.net\/wp-content\/uploads\/2018\/11\/1280750505.pdf\">Download<\/a><\/p>\n<p><em>Luomi-Messerer, Karin (2008, Ed.): Permeability Between Vocational Education and Training and Higher Education. Examples from Austria, Czech Republic, Germany, Malta, The Netherlands and Slovenia. 3s, Vienna.<\/em><\/p>\n<p>The report includes descriptions of examples (cases) for ensuring permeability between VET and HE at national level from the partner countries. The examples describe cases of good practice in accreditation of learning outcomes from VET in HE and consider possibilities of applying the VQTS model in these cases.<\/p>\n<ul>\n<li><a href=\"http:\/\/vocationalqualification.net\/wp-content\/uploads\/2019\/02\/Part_1.pdf\">Part 1<\/a><\/li>\n<li><a href=\"http:\/\/vocationalqualification.net\/wp-content\/uploads\/2019\/02\/Part_2.pdf\">Part 2<\/a><\/li>\n<li><a href=\"http:\/\/vocationalqualification.net\/wp-content\/uploads\/2019\/02\/Part_3.pdf\">Part 3<\/a><\/li>\n<\/ul>\n<\/div>\n<\/div><\/div><div id=\"panel-67-0-0-4\" class=\"so-panel widget widget_sow-headline\" data-index=\"4\" ><div\n\t\t\t\n\t\t\tclass=\"so-widget-sow-headline so-widget-sow-headline-default-438ec6ae6aa8-67\"\n\t\t\t\n\t\t><div class=\"sow-headline-container \">\n\t<h2 class='sow-headline'>\"Best Projects\" label in 2011<\/h2>\t\t\t\t\t<div class=\"decoration\">\n\t\t\t\t\t\t<div class=\"decoration-inside\"><\/div>\n\t\t\t\t\t<\/div>\n\t\t\t\t\t<\/div>\n<\/div><\/div><div id=\"panel-67-0-0-5\" class=\"so-panel widget widget_sow-editor\" data-index=\"5\" ><div\n\t\t\t\n\t\t\tclass=\"so-widget-sow-editor so-widget-sow-editor-base\"\n\t\t\t\n\t\t>\n<div class=\"siteorigin-widget-tinymce textwidget\">\n\t<p>The European Commission has declared VQTS II as one of two Austrian projects to belong to the best projects of 2007. VQTS II received the \"Best Projects 2007\" label in ADAM, the former project and product portal for Leonardo da Vinci. There is an overall of 55 projects which have received the \"Best Projects\" label - they include Transfer of Innovation, Development of Innovation and Network projects. These projects have contributed important impulses for vocational education and training in Europe in the last few years.<\/p>\n<\/div>\n<\/div><\/div><div id=\"panel-67-0-0-6\" class=\"so-panel widget widget_sow-headline\" data-index=\"6\" ><div\n\t\t\t\n\t\t\tclass=\"so-widget-sow-headline so-widget-sow-headline-default-438ec6ae6aa8-67\"\n\t\t\t\n\t\t><div class=\"sow-headline-container \">\n\t<h2 class='sow-headline'>Funding<\/h2>\t\t\t\t\t<div class=\"decoration\">\n\t\t\t\t\t\t<div class=\"decoration-inside\"><\/div>\n\t\t\t\t\t<\/div>\n\t\t\t\t\t<\/div>\n<\/div><\/div><div id=\"panel-67-0-0-7\" class=\"so-panel widget widget_sow-editor\" data-index=\"7\" ><div\n\t\t\t\n\t\t\tclass=\"so-widget-sow-editor so-widget-sow-editor-base\"\n\t\t\t\n\t\t>\n<div class=\"siteorigin-widget-tinymce textwidget\">\n\t<p>The VQTS II project was funded with the support of the European Community and the Austrian Federal Ministry of Education, the Arts and Culture (bm:ukk). The content of this website does not necessarily reflect the position of the European Community or the bm:ukk, nor does it involve any responsibility on their part.<\/p>\n<\/div>\n<\/div><\/div><div id=\"panel-67-0-0-8\" class=\"so-panel widget widget_sow-headline\" data-index=\"8\" ><div\n\t\t\t\n\t\t\tclass=\"so-widget-sow-headline so-widget-sow-headline-default-438ec6ae6aa8-67\"\n\t\t\t\n\t\t><div class=\"sow-headline-container \">\n\t<h2 class='sow-headline'>Project partnership<\/h2>\t\t\t\t\t<div class=\"decoration\">\n\t\t\t\t\t\t<div class=\"decoration-inside\"><\/div>\n\t\t\t\t\t<\/div>\n\t\t\t\t\t<\/div>\n<\/div><\/div><div id=\"panel-67-0-0-9\" class=\"so-panel widget widget_sow-editor\" data-index=\"9\" ><div\n\t\t\t\n\t\t\tclass=\"so-widget-sow-editor so-widget-sow-editor-base\"\n\t\t\t\n\t\t>\n<div class=\"siteorigin-widget-tinymce textwidget\">\n\t<p><strong>Core partners:<\/strong><\/p>\n<p>Austria:<\/p>\n<ul>\n<li>3s Unternehmensberatung GmbH (project coordinator)<\/li>\n<li>HTBLuVA St. P\u00f6lten<\/li>\n<li>Fachhochschule Technikum Wien, University of Applied Sciences Technikum Wien<\/li>\n<\/ul>\n<p>Czech Republic:<\/p>\n<ul>\n<li>N\u00daOV \u2013 National Institute of Technical and Vocational Education<\/li>\n<\/ul>\n<p>Germany:<\/p>\n<ul>\n<li>biat \u2013 Berufsbildungsinstitut Arbeit und Technik, Universit\u00e4t Flensburg - Berufliche Fachrichtung Metalltechnik\/Systemtechnik<\/li>\n<li>Regionales Berufsbildungszentrum Flensburg ECKENER-SCHULE<\/li>\n<\/ul>\n<p>Malta:<\/p>\n<ul>\n<li>Malta Qualifications Council<\/li>\n<\/ul>\n<p>Netherlands:<\/p>\n<ul>\n<li>Kenteq \u2013 National Centre of Expertise on Vocational Education, Training and Labour Market<\/li>\n<li>Koning Willem 1 College<\/li>\n<\/ul>\n<p>Slovenia:<\/p>\n<ul>\n<li>University of Ljubljana<\/li>\n<\/ul>\n<p><strong>Supporting partners<\/strong><\/p>\n<ul>\n<li>Austria: Bundesministerium f\u00fcr Unterricht, Kunst und Kultur (BMUKK)<\/li>\n<li>Czech Republic: VO\u0160 a SO\u0160, Centrum odborn\u00e9 p\u0159\u00edpravy Sezimovo \u00dast\u00ed, VO\u0160 a SP\u0160 elektrotechnick\u00e1 Franti\u0161ka K\u0159\u00ed\u017eka Praha.<\/li>\n<li>Malta: Institute of Electrical and Electronics Engineering<\/li>\n<li>Netherlands: Colo<\/li>\n<\/ul>\n<\/div>\n<\/div><\/div><div id=\"panel-67-0-0-10\" class=\"so-panel widget widget_sow-headline\" data-index=\"10\" ><div\n\t\t\t\n\t\t\tclass=\"so-widget-sow-headline so-widget-sow-headline-default-091dc288b7d2-67\"\n\t\t\t\n\t\t><div class=\"sow-headline-container \">\n\t<\/div>\n<\/div><\/div><div id=\"panel-67-0-0-11\" class=\"so-panel widget widget_sow-slider panel-last-child\" data-index=\"11\" ><div\n\t\t\t\n\t\t\tclass=\"so-widget-sow-slider so-widget-sow-slider-default-6d39609536fd-67\"\n\t\t\t\n\t\t>\t\t\t\t<div class=\"sow-slider-base\" style=\"display: none\" tabindex=\"0\">\n\t\t\t\t\t<ul\n\t\t\t\t\tclass=\"sow-slider-images\"\n\t\t\t\t\tdata-settings=\"{&quot;pagination&quot;:true,&quot;speed&quot;:800,&quot;timeout&quot;:8000,&quot;paused&quot;:false,&quot;pause_on_hover&quot;:false,&quot;swipe&quot;:false,&quot;nav_always_show_desktop&quot;:&quot;&quot;,&quot;nav_always_show_mobile&quot;:&quot;&quot;,&quot;breakpoint&quot;:&quot;780px&quot;,&quot;unmute&quot;:false,&quot;anchor&quot;:null}\"\n\t\t\t\t\t\t\t\t\t\tdata-anchor-id=\"\"\n\t\t\t\t>\t\t<li class=\"sow-slider-image  sow-slider-image-cover\" style=\"visibility: visible;;background-image: url(https:\/\/vocationalqualification.net\/wp-content\/uploads\/2018\/11\/1280832938_4.gif)\" >\n\t\t\t\t\t\t<img fetchpriority=\"high\" decoding=\"async\" width=\"467\" height=\"214\" src=\"https:\/\/vocationalqualification.net\/wp-content\/uploads\/2018\/11\/1280832938_4.gif\" class=\"sow-slider-background-image skip-lazy\" alt=\"\" style=\"\" loading=\"eager\" \/>\t\t<\/li>\n\t\t\t\t<li class=\"sow-slider-image  sow-slider-image-cover\" style=\"visibility: hidden;\" data-background=\"url(https:\/\/vocationalqualification.net\/wp-content\/uploads\/2018\/11\/1280840141_4.gif)\" >\n\t\t\t\t\t\t<img decoding=\"async\" width=\"467\" height=\"339\" src=\"https:\/\/vocationalqualification.net\/wp-content\/uploads\/2018\/11\/1280840141_4.gif\" class=\"sow-slider-background-image skip-lazy\" alt=\"\" style=\"\" loading=\"eager\" \/>\t\t<\/li>\n\t\t\t\t<li class=\"sow-slider-image  sow-slider-image-cover\" style=\"visibility: hidden;\" data-background=\"url(https:\/\/vocationalqualification.net\/wp-content\/uploads\/2018\/11\/1280838291_4.gif)\" >\n\t\t\t\t\t\t<img decoding=\"async\" width=\"467\" height=\"350\" src=\"https:\/\/vocationalqualification.net\/wp-content\/uploads\/2018\/11\/1280838291_4.gif\" class=\"sow-slider-background-image skip-lazy\" alt=\"\" style=\"\" loading=\"eager\" \/>\t\t<\/li>\n\t\t\t\t<li class=\"sow-slider-image  sow-slider-image-cover\" style=\"visibility: hidden;\" data-background=\"url(https:\/\/vocationalqualification.net\/wp-content\/uploads\/2018\/11\/1280832483_4.gif)\" >\n\t\t\t\t\t\t<img decoding=\"async\" width=\"467\" height=\"350\" src=\"https:\/\/vocationalqualification.net\/wp-content\/uploads\/2018\/11\/1280832483_4.gif\" class=\"sow-slider-background-image skip-lazy\" alt=\"\" style=\"\" loading=\"eager\" \/>\t\t<\/li>\n\t\t\t\t<li class=\"sow-slider-image  sow-slider-image-cover\" style=\"visibility: hidden;\" data-background=\"url(https:\/\/vocationalqualification.net\/wp-content\/uploads\/2018\/11\/1224858696_4.jpg)\" >\n\t\t\t\t\t\t<img decoding=\"async\" width=\"315\" height=\"231\" src=\"https:\/\/vocationalqualification.net\/wp-content\/uploads\/2018\/11\/1224858696_4.jpg\" class=\"sow-slider-background-image skip-lazy\" alt=\"\" style=\"\" loading=\"eager\" srcset=\"https:\/\/vocationalqualification.net\/wp-content\/uploads\/2018\/11\/1224858696_4.jpg 315w, https:\/\/vocationalqualification.net\/wp-content\/uploads\/2018\/11\/1224858696_4-300x220.jpg 300w\" sizes=\"(max-width: 315px) 100vw, 315px\" \/>\t\t<\/li>\n\t\t\t\t<li class=\"sow-slider-image  sow-slider-image-cover\" style=\"visibility: hidden;\" data-background=\"url(https:\/\/vocationalqualification.net\/wp-content\/uploads\/2018\/11\/1280831842_4.gif)\" >\n\t\t\t\t\t\t<img decoding=\"async\" width=\"467\" height=\"338\" src=\"https:\/\/vocationalqualification.net\/wp-content\/uploads\/2018\/11\/1280831842_4.gif\" class=\"sow-slider-background-image skip-lazy\" alt=\"\" style=\"\" loading=\"eager\" \/>\t\t<\/li>\n\t\t<\/ul>\t\t\t\t<ol class=\"sow-slider-pagination\">\n\t\t\t\t\t\t\t\t\t\t\t<li><a href=\"#\" data-goto=\"0\" aria-label=\"display slide 1\"><\/a><\/li>\n\t\t\t\t\t\t\t\t\t\t\t<li><a href=\"#\" data-goto=\"1\" aria-label=\"display slide 2\"><\/a><\/li>\n\t\t\t\t\t\t\t\t\t\t\t<li><a href=\"#\" data-goto=\"2\" aria-label=\"display slide 3\"><\/a><\/li>\n\t\t\t\t\t\t\t\t\t\t\t<li><a href=\"#\" data-goto=\"3\" aria-label=\"display slide 4\"><\/a><\/li>\n\t\t\t\t\t\t\t\t\t\t\t<li><a href=\"#\" data-goto=\"4\" aria-label=\"display slide 5\"><\/a><\/li>\n\t\t\t\t\t\t\t\t\t\t\t<li><a href=\"#\" data-goto=\"5\" aria-label=\"display slide 6\"><\/a><\/li>\n\t\t\t\t\t\t\t\t\t<\/ol>\n\n\t\t\t\t<div class=\"sow-slide-nav sow-slide-nav-next\">\n\t\t\t\t\t<a href=\"#\" data-goto=\"next\" aria-label=\"next slide\" data-action=\"next\">\n\t\t\t\t\t\t<em class=\"sow-sld-icon-thin-right\"><\/em>\n\t\t\t\t\t<\/a>\n\t\t\t\t<\/div>\n\n\t\t\t\t<div class=\"sow-slide-nav sow-slide-nav-prev\">\n\t\t\t\t\t<a href=\"#\" data-goto=\"previous\" aria-label=\"previous slide\" data-action=\"prev\">\n\t\t\t\t\t\t<em class=\"sow-sld-icon-thin-left\"><\/em>\n\t\t\t\t\t<\/a>\n\t\t\t\t<\/div>\n\t\t\t\t<\/div><\/div><\/div><\/div><\/div><\/div><\/div>","protected":false},"excerpt":{"rendered":"<p>The &#8220;Transfer of Innovation\u201d project VQTS II was based on the results of the Leonardo da Vinci project &#8220;VQTS \u2013 Vocational Qualification Transfer System\u201d (see VQTS 2003-2006). The VQTS project had received the Helsinki Award 2006 and the Lifelong Learning Award 2007 in Gold for its contributions to the aims of the Copenhagen process. The main result of the VQTS project, the VQTS model, was used as the basis for &#8220;Transfer of Innovation\u201d. In the VQTS II project, the VQTS model was transferred to another sector (Electronics\/ Electrical Engineering), to other countries and languages. The VQTS II project focused on transferring and further elaborating methods and procedures for the development of a competence matrix by using the ideas and principles described in the VQTS project. The VQTS model was also be to identify the overlapping areas of the competence profiles of vocational and educational training (VET) and higher education (HE) programmes. By using the VQTS model, the project sought to adjust and tune VET and practice-oriented HE programmes to make them more compatible with each other. Recommendations were developed on how to enhance permeability and progression between VET and practice-oriented HE. Luomi-Messerer, Karin (2008, Ed.): Using the VQTS model for mobility and permeability -Results of the Lifelong Learning project VQTS II. 3s, Vienna. This publication is the final result of the Lifelong Learning project \u2018Vocational Qualification Transfer System II \u2013 VQTS II\u2019. It introduces the VQTS Model, informs about the development of a Competence Matrix and of of Competence Profiles and describes how the VQTS model can be used for supporting transnational mobility and for enhancing permeability between VET and HE. Download Luomi-Messerer, Karin (2008, Ed.): Permeability Between Vocational Education and Training and Higher Education. Examples from Austria, Czech Republic, Germany, Malta, The Netherlands and Slovenia. 3s, Vienna. The report includes descriptions of examples (cases) for ensuring permeability between VET and HE at national level from the partner countries. The examples describe cases of good practice in accreditation of learning outcomes from VET in HE and consider possibilities of applying the VQTS model in these cases. Part 1 Part 2 Part 3 The European Commission has declared VQTS II as one of two Austrian projects to belong to the best projects of 2007. VQTS II received the &#8220;Best Projects 2007&#8221; label in ADAM, the former project and product portal for Leonardo da Vinci. There is an overall of 55 projects which have received the &#8220;Best Projects&#8221; label &#8211; they include Transfer of Innovation, Development of Innovation and Network projects. These projects have contributed important impulses for vocational education and training in Europe in the last few years. The VQTS II project was funded with the support of the European Community and the Austrian Federal Ministry of Education, the Arts and Culture (bm:ukk). The content of this website does not necessarily reflect the position of the European Community or the bm:ukk, nor does it involve any responsibility on their part. Core partners: Austria: 3s Unternehmensberatung GmbH (project coordinator) HTBLuVA St. P\u00f6lten Fachhochschule Technikum Wien, University of Applied Sciences Technikum Wien Czech Republic: N\u00daOV \u2013 National Institute of Technical and Vocational Education Germany: biat \u2013 Berufsbildungsinstitut Arbeit und Technik, Universit\u00e4t Flensburg &#8211; Berufliche Fachrichtung Metalltechnik\/Systemtechnik Regionales Berufsbildungszentrum Flensburg ECKENER-SCHULE Malta: Malta Qualifications Council Netherlands: Kenteq \u2013 National Centre of Expertise on Vocational Education, Training and Labour Market Koning Willem 1 College Slovenia: University of Ljubljana Supporting partners Austria: Bundesministerium f\u00fcr Unterricht, Kunst und Kultur (BMUKK) Czech Republic: VO\u0160 a SO\u0160, Centrum odborn\u00e9 p\u0159\u00edpravy Sezimovo \u00dast\u00ed, VO\u0160 a SP\u0160 elektrotechnick\u00e1 Franti\u0161ka K\u0159\u00ed\u017eka Praha. Malta: Institute of Electrical and Electronics Engineering Netherlands: Colo<\/p>\n","protected":false},"author":1,"featured_media":0,"parent":0,"menu_order":0,"comment_status":"closed","ping_status":"closed","template":"","meta":{"footnotes":""},"class_list":["post-67","page","type-page","status-publish","hentry"],"_links":{"self":[{"href":"https:\/\/vocationalqualification.net\/index.php?rest_route=\/wp\/v2\/pages\/67","targetHints":{"allow":["GET"]}}],"collection":[{"href":"https:\/\/vocationalqualification.net\/index.php?rest_route=\/wp\/v2\/pages"}],"about":[{"href":"https:\/\/vocationalqualification.net\/index.php?rest_route=\/wp\/v2\/types\/page"}],"author":[{"embeddable":true,"href":"https:\/\/vocationalqualification.net\/index.php?rest_route=\/wp\/v2\/users\/1"}],"replies":[{"embeddable":true,"href":"https:\/\/vocationalqualification.net\/index.php?rest_route=%2Fwp%2Fv2%2Fcomments&post=67"}],"version-history":[{"count":15,"href":"https:\/\/vocationalqualification.net\/index.php?rest_route=\/wp\/v2\/pages\/67\/revisions"}],"predecessor-version":[{"id":577,"href":"https:\/\/vocationalqualification.net\/index.php?rest_route=\/wp\/v2\/pages\/67\/revisions\/577"}],"wp:attachment":[{"href":"https:\/\/vocationalqualification.net\/index.php?rest_route=%2Fwp%2Fv2%2Fmedia&parent=67"}],"curies":[{"name":"wp","href":"https:\/\/api.w.org\/{rel}","templated":true}]}}