{"id":13,"date":"2018-11-03T08:56:22","date_gmt":"2018-11-03T08:56:22","guid":{"rendered":"http:\/\/new.vocationalqualification.net\/?page_id=13"},"modified":"2019-02-26T19:50:41","modified_gmt":"2019-02-26T19:50:41","slug":"publication","status":"publish","type":"page","link":"https:\/\/vocationalqualification.net\/?page_id=13","title":{"rendered":"Publication"},"content":{"rendered":"<div id=\"pl-13\"  class=\"panel-layout\" ><div id=\"pg-13-0\"  class=\"panel-grid panel-has-style\" ><div class=\"siteorigin-panels-stretch panel-row-style panel-row-style-for-13-0\" id=\"services\" data-stretch-type=\"full\" ><div id=\"pgc-13-0-0\"  class=\"panel-grid-cell\" ><div id=\"panel-13-0-0-0\" class=\"so-panel widget widget_sow-headline panel-first-child\" data-index=\"0\" ><div\n\t\t\t\n\t\t\tclass=\"so-widget-sow-headline so-widget-sow-headline-default-d07e1e83720a-13\"\n\t\t\t\n\t\t><div class=\"sow-headline-container \">\n\t<h1 class='sow-headline'>Publication<\/h1>\t\t\t\t\t<div class=\"decoration\">\n\t\t\t\t\t\t<div class=\"decoration-inside\"><\/div>\n\t\t\t\t\t<\/div>\n\t\t\t\t\t<\/div>\n<\/div><\/div><div id=\"panel-13-0-0-1\" class=\"so-panel widget widget_sow-editor panel-last-child\" data-index=\"1\" ><div\n\t\t\t\n\t\t\tclass=\"so-widget-sow-editor so-widget-sow-editor-base\"\n\t\t\t\n\t\t>\n<div class=\"siteorigin-widget-tinymce textwidget\">\n\t<p>The VQTS Model is published here:<\/p>\n<p><a href=\"http:\/\/vocationalqualification.net\/wp-content\/uploads\/2018\/12\/vqtsresult.pdf\"><em>Karin Luomi-Messerer (Ed): Using the VQTS model for mobility and permeability -Results of the Lifelong Learning project VQTS II. 3s, Vienna, 2009<\/em><\/a><\/p>\n<p>The following documents provide short information about the VQTS model and its application for enhancing transnational mobility and permeability between VET and HE: <a href=\"http:\/\/vocationalqualification.net\/wp-content\/uploads\/2018\/11\/1280750505.pdf\">Download<\/a><\/p>\n<p><em>Competence Matrix<br \/>\n<\/em>This document provides information about the development of a Competence Matrix and includes a Competence Matrix for \u2018mechatronics\u2019 (VQTS project) and for \u2018electronics\/electrical engineering\u2019 (VQTS II project).<br \/>\n<a href=\"http:\/\/vocationalqualification.net\/wp-content\/uploads\/2018\/12\/1280754334.pdf\">Core Information Part 1 (PDF)<\/a><\/p>\n<p><em>Competence Profiles and Competence Profile Certificates (including credit points)<\/em>This document provides information about the development of Competence Profiles by using a Competence Matrix and about issuing a Competence Profile Certificate and includes examples.<br \/>\n<a href=\"http:\/\/vocationalqualification.net\/wp-content\/uploads\/2018\/12\/1280755761.pdf\">Core Information Part 2 (PDF)<\/a><\/p>\n<p><em>Mobility Procedure, Memorandum of Understanding, Learning Agreement In The Context of VQTS<\/em>This document provides information about the mobility procedure, the procedure for the development of a memorandum of understanding and a learning agreement.<br \/>\n<a href=\"http:\/\/vocationalqualification.net\/wp-content\/uploads\/2018\/12\/1280757399.pdf\">Core Information Part 3 (PDF)<\/a><\/p>\n<ul>\n<li>Memorandum of Understanding for an international VET placement using the VQTS model<br \/>\n<a href=\"http:\/\/vocationalqualification.net\/wp-content\/uploads\/2018\/12\/1280757056.pdf\">Proposed template (PDF)<\/a><\/li>\n<li>Learning Agreement for an international VET placement using the VQTS model<br \/>\n<a href=\"http:\/\/vocationalqualification.net\/wp-content\/uploads\/2018\/12\/1280754636.pdf\">Proposed template (PDF)<\/a><\/li>\n<\/ul>\n<p><em>Using the VQTS model for enhancing permeability between VET and HE<br \/>\n<\/em>This document provides information about important aspects to be considered when using the VQTS model for recognising prior learning and facilitating permeability between VET and HE programmes.<br \/>\n<a href=\"http:\/\/vocationalqualification.net\/wp-content\/uploads\/2018\/12\/1280752307.pdf\">Core Information Part 4 (PDF)<\/a><\/p>\n<p><em>Language versions<\/em><\/p>\n<h4>CZ<\/h4>\n<ul>\n<li>Vyu\u017eit\u00ed modelu VQTS pro zlep\u0161en\u00ed mobility a prostupnosti - V\u00fdsledky projektu VQTS II (celo\u017eivotn\u00ed u\u010den\u00ed)<br \/>\n<a href=\"http:\/\/vocationalqualification.net\/wp-content\/uploads\/2019\/02\/vqts-II-broschuere-CZ.indd_.pdf\"><br \/>\nDownload<br \/>\n<\/a><\/li>\n<\/ul>\n<h4>DE<\/h4>\n<ul>\n<li>Das VQTS Modell zur Unterst\u00fctzung von Mobilit\u00e4t und Durchl\u00e4ssigkeit im Bildungsbereich. Ergebnisse des Projekts VQTS II aus dem Programm f\u00fcr Lebenslanges Lernen <a href=\"http:\/\/vocationalqualification.net\/wp-content\/uploads\/2019\/02\/1280747736.pdf\">Download<\/a><\/li>\n<li>VQTS II Kompetenzmatrix \"Elektronik\/Elektrotechnik\"<\/li>\n<li>VQTS II Kompetenzmatrix \"Elektronik\/Elektrotechnik\" - Kompetenzprofile\u00a0<a href=\"http:\/\/vocationalqualification.net\/wp-content\/uploads\/2019\/02\/1280752694.pdf\">Download<\/a><\/li>\n<li>VQTS II Kompetenzmatrix \"Elektronik\/Elektrotechnik\" - Kompetenzpro\ufb01lzerti\ufb01kat\u00a0<a href=\"http:\/\/vocationalqualification.net\/wp-content\/uploads\/2019\/02\/1280748119.pdf\">Download<\/a><\/li>\n<\/ul>\n<h4>SI<\/h4>\n<ul>\n<li>Uporaba modela VQTS za mobilnost in prehodnost - Rezultati projekta Vse\u017eivljenjskega u\u010denja VQTS II\u00a0<a href=\"http:\/\/vocationalqualification.net\/wp-content\/uploads\/2019\/02\/1280753208.pdf\">Download<\/a><\/li>\n<\/ul>\n<h4>NL<\/h4>\n<ul>\n<li>Checklist voor de ontwikkeling van een Competentiematrix\u00a0<a href=\"http:\/\/vocationalqualification.net\/wp-content\/uploads\/2019\/02\/1280754105.pdf\">Download<\/a><\/li>\n<li>Competentiematrix \"Elektrotechniek \/ Elektronica\u201d\u00a0<a href=\"http:\/\/vocationalqualification.net\/wp-content\/uploads\/2019\/02\/1280746017.pdf\">Download<\/a><\/li>\n<li>Competentieprofielen en Competentieprofielcertificaten (inclusief Studiepunten)\u00a0<a href=\"http:\/\/vocationalqualification.net\/wp-content\/uploads\/2019\/02\/1280747255.pdf\">Download<\/a><\/li>\n<li>Checklist voor de ontwikkeling van Competentieprofielen en Competentieprofielcertificaten\u00a0<a href=\"http:\/\/vocationalqualification.net\/wp-content\/uploads\/2019\/02\/1280747255.pdf\">Download<\/a><\/li>\n<li>Mobiliteitsprocedure, Memorandum of Understanding, Learning Agreement\u00a0<a href=\"http:\/\/vocationalqualification.net\/wp-content\/uploads\/2019\/02\/1280755568.pdf\">Download<\/a><\/li>\n<li>Checklist voor de opstellen van een Memorandum of Understanding en een Learning Agreement <a href=\"http:\/\/vocationalqualification.net\/wp-content\/uploads\/2019\/02\/1280754741.pdf\">Download<\/a><\/li>\n<li>Checklist voor het gebruik van het VQTS-model om de transparantie tussen MBO en HBO te vergroten\u00a0<a href=\"http:\/\/vocationalqualification.net\/wp-content\/uploads\/2019\/02\/1280754148.pdf\">Download<\/a><\/li>\n<li>Verklarende woordenlijst\u00a0<a href=\"http:\/\/vocationalqualification.net\/wp-content\/uploads\/2019\/02\/1280756693.pdf\">Download<\/a><\/li>\n<\/ul>\n<\/div>\n<\/div><\/div><\/div><\/div><\/div><\/div>","protected":false},"excerpt":{"rendered":"<p>The VQTS Model is published here: Karin Luomi-Messerer (Ed): Using the VQTS model for mobility and permeability -Results of the Lifelong Learning project VQTS II. 3s, Vienna, 2009 The following documents provide short information about the VQTS model and its application for enhancing transnational mobility and permeability between VET and HE: Download Competence Matrix This document provides information about the development of a Competence Matrix and includes a Competence Matrix for \u2018mechatronics\u2019 (VQTS project) and for \u2018electronics\/electrical engineering\u2019 (VQTS II project). Core Information Part 1 (PDF) Competence Profiles and Competence Profile Certificates (including credit points)This document provides information about the development of Competence Profiles by using a Competence Matrix and about issuing a Competence Profile Certificate and includes examples. Core Information Part 2 (PDF) Mobility Procedure, Memorandum of Understanding, Learning Agreement In The Context of VQTSThis document provides information about the mobility procedure, the procedure for the development of a memorandum of understanding and a learning agreement. Core Information Part 3 (PDF) Memorandum of Understanding for an international VET placement using the VQTS model Proposed template (PDF) Learning Agreement for an international VET placement using the VQTS model Proposed template (PDF) Using the VQTS model for enhancing permeability between VET and HE This document provides information about important aspects to be considered when using the VQTS model for recognising prior learning and facilitating permeability between VET and HE programmes. Core Information Part 4 (PDF) Language versions CZ Vyu\u017eit\u00ed modelu VQTS pro zlep\u0161en\u00ed mobility a prostupnosti &#8211; V\u00fdsledky projektu VQTS II (celo\u017eivotn\u00ed u\u010den\u00ed) Download DE Das VQTS Modell zur Unterst\u00fctzung von Mobilit\u00e4t und Durchl\u00e4ssigkeit im Bildungsbereich. Ergebnisse des Projekts VQTS II aus dem Programm f\u00fcr Lebenslanges Lernen Download VQTS II Kompetenzmatrix &#8220;Elektronik\/Elektrotechnik&#8221; VQTS II Kompetenzmatrix &#8220;Elektronik\/Elektrotechnik&#8221; &#8211; Kompetenzprofile\u00a0Download VQTS II Kompetenzmatrix &#8220;Elektronik\/Elektrotechnik&#8221; &#8211; Kompetenzpro\ufb01lzerti\ufb01kat\u00a0Download SI Uporaba modela VQTS za mobilnost in prehodnost &#8211; Rezultati projekta Vse\u017eivljenjskega u\u010denja VQTS II\u00a0Download NL Checklist voor de ontwikkeling van een Competentiematrix\u00a0Download Competentiematrix &#8220;Elektrotechniek \/ Elektronica\u201d\u00a0Download Competentieprofielen en Competentieprofielcertificaten (inclusief Studiepunten)\u00a0Download Checklist voor de ontwikkeling van Competentieprofielen en Competentieprofielcertificaten\u00a0Download Mobiliteitsprocedure, Memorandum of Understanding, Learning Agreement\u00a0Download Checklist voor de opstellen van een Memorandum of Understanding en een Learning Agreement Download Checklist voor het gebruik van het VQTS-model om de transparantie tussen MBO en HBO te vergroten\u00a0Download Verklarende woordenlijst\u00a0Download<\/p>\n","protected":false},"author":1,"featured_media":0,"parent":0,"menu_order":0,"comment_status":"closed","ping_status":"closed","template":"","meta":{"footnotes":""},"class_list":["post-13","page","type-page","status-publish","hentry"],"_links":{"self":[{"href":"https:\/\/vocationalqualification.net\/index.php?rest_route=\/wp\/v2\/pages\/13","targetHints":{"allow":["GET"]}}],"collection":[{"href":"https:\/\/vocationalqualification.net\/index.php?rest_route=\/wp\/v2\/pages"}],"about":[{"href":"https:\/\/vocationalqualification.net\/index.php?rest_route=\/wp\/v2\/types\/page"}],"author":[{"embeddable":true,"href":"https:\/\/vocationalqualification.net\/index.php?rest_route=\/wp\/v2\/users\/1"}],"replies":[{"embeddable":true,"href":"https:\/\/vocationalqualification.net\/index.php?rest_route=%2Fwp%2Fv2%2Fcomments&post=13"}],"version-history":[{"count":31,"href":"https:\/\/vocationalqualification.net\/index.php?rest_route=\/wp\/v2\/pages\/13\/revisions"}],"predecessor-version":[{"id":584,"href":"https:\/\/vocationalqualification.net\/index.php?rest_route=\/wp\/v2\/pages\/13\/revisions\/584"}],"wp:attachment":[{"href":"https:\/\/vocationalqualification.net\/index.php?rest_route=%2Fwp%2Fv2%2Fmedia&parent=13"}],"curies":[{"name":"wp","href":"https:\/\/api.w.org\/{rel}","templated":true}]}}